{"id":27096,"date":"2021-06-01T11:36:27","date_gmt":"2021-06-01T14:36:27","guid":{"rendered":"http:\/\/www.grandelojadoparana.org.br\/english\/?page_id=27096"},"modified":"2021-07-01T09:55:15","modified_gmt":"2021-07-01T12:55:15","slug":"es-acao-social","status":"publish","type":"page","link":"https:\/\/www.grandelojadoparana.org.br\/espanol\/es-acao-social\/","title":{"rendered":"ES A\u00c7\u00c3O SOCIAL"},"content":{"rendered":"<p>[vc_row][vc_column]<div class=\"clearboth\"><\/div><div class=\"gem-divider \" style=\"margin-top: -60px;\"><\/div>[vc_column_text css_animation=&#8221;bottom-to-top&#8221;]<\/p>\n<div class=\"title-h5\" style=\"text-align: center;\"><span class=\"light\">CONOCE NUESTRA\u00a0<\/span><\/div>\n<p>[\/vc_column_text][vc_column_text css_animation=&#8221;bottom-to-top&#8221;]<\/p>\n<div class=\"title-h2\" style=\"text-align: center; margin-bottom: 27px;\">ACCI\u00d3N SOCIAL<\/div>\n<div style=\"width: 55px; height: 3px; background: #e7272d; text-indent: 9999px; margin: auto;\">1<\/div>\n<p>[\/vc_column_text]<div class=\"clearboth\"><\/div><div class=\"gem-divider \" style=\"margin-top: -60px;\"><\/div>[\/vc_column][\/vc_row][vc_row css=&#8221;.vc_custom_1608210755218{margin-top: 140px !important;margin-bottom: 80px !important;background-position: 0 0 !important;background-repeat: no-repeat !important;}&#8221; el_class=&#8221;custom-frame&#8221;][vc_column width=&#8221;1\/2&#8243; css=&#8221;.vc_custom_1513327690197{margin-top: 0px !important;margin-bottom: 0px !important;padding-top: 0px !important;padding-bottom: 0px !important;}&#8221;][vc_column_text css_animation=&#8221;bottom-to-top&#8221;]<\/p>\n<p style=\"text-align: justify;\">La Gran Logia de Paran\u00e1 ha adoptado pautas s\u00f3lidas para el desarrollo de la acci\u00f3n social mas\u00f3nica, orientando y contribuyendo permanentemente a sus Logias y miembros a trav\u00e9s de la Gran Secretar\u00eda de Acci\u00f3n Social y las Regionales respectivas. Dependiendo de su Constituci\u00f3n podr\u00e1 mantener, proteger y crear escuelas, instituciones culturales, hospitales, ambulatorios, guarder\u00edas, hogares, albergues, campamentos de verano, incluso colaborando con entidades mas\u00f3nicas, albergues u organizaciones similares.<\/p>\n<p style=\"text-align: justify;\">Desarrollando la Acci\u00f3n Social Mas\u00f3nica en todo el Estado, la Gran Logia de Paran\u00e1 utiliza la Pol\u00edtica Filantr\u00f3pica Mas\u00f3nica, enfocada a las actividades sociales fraternales, como expresi\u00f3n del amor al pr\u00f3jimo y la solidaridad humana. Busca marcar la diferencia en cada acto de acci\u00f3n social que se practica, siempre con planificaci\u00f3n, coherencia y en alianza con sus establecimientos jurisdiccionales.<\/p>\n<p>[\/vc_column_text]<div class=\"clearboth\"><\/div><div class=\"gem-divider \" style=\"margin-top: 90px;\"><\/div><div class=\"centered-box gem-image-centered-box\"><div class=\"gem-image gem-wrapbox gem-wrapbox-style-default gem-wrapbox-position-centered lazy-loading\" style=\"width: 500px;height: 500px;\"><div class=\"gem-wrapbox-inner  lazy-loading-item\"  data-ll-effect=\"move-up\"><img decoding=\"async\" class=\"gem-wrapbox-element img-responsive\" src=\"https:\/\/www.grandelojadoparana.org.br\/espanol\/wp-content\/uploads\/2021\/01\/ac\u0327a\u0303o-Social-500px.jpg\" alt=\"\"\/><\/div><\/div><\/div>[\/vc_column][vc_column width=&#8221;1\/2&#8243; css=&#8221;.vc_custom_1545062683533{margin-top: 0px !important;margin-bottom: 0px !important;padding-top: 0px !important;padding-bottom: 0px !important;}&#8221;]<div class=\"centered-box gem-image-centered-box\"><div class=\"gem-image gem-wrapbox gem-wrapbox-style-default gem-wrapbox-position-centered lazy-loading\" style=\"width: 500px;height: 500px;\"><div class=\"gem-wrapbox-inner  lazy-loading-item\"  data-ll-effect=\"move-up\"><img decoding=\"async\" class=\"gem-wrapbox-element img-responsive\" src=\"https:\/\/www.grandelojadoparana.org.br\/espanol\/wp-content\/uploads\/2021\/01\/ac\u0327a\u0303o-Social-3.jpg\" alt=\"\"\/><\/div><\/div><\/div><div class=\"clearboth\"><\/div><div class=\"gem-divider \" style=\"margin-top: 90px;\"><\/div>[vc_column_text css_animation=&#8221;bottom-to-top&#8221;]<\/p>\n<p style=\"text-align: justify;\">Nuestro objetivo es impulsar la caridad. La filantrop\u00eda demanda esfuerzos para promover el fortalecimiento concreto de la sociedad, ligado a acciones planificadas, organizadas y eficientes, para generar un cambio efectivo y un impacto social.<\/p>\n<p style=\"text-align: justify;\">Con el modelo de filantrop\u00eda implantado, la Gran Logia de Paran\u00e1 aplicar\u00e1 su filosof\u00eda en el \u00e1mbito social y a trav\u00e9s de sus miembros, debidamente preparados para el ejercicio de la ciudadan\u00eda, teniendo en cuenta las demandas regionalizadas y utilizando tambi\u00e9n herramientas de gesti\u00f3n y planificaci\u00f3n, contribuir a la b\u00fasqueda de soluciones que den efectividad al dictamen constitucional seg\u00fan el cual a todas las personas se les debe garantizar el derecho a componer una sociedad libre, justa y solidaria.<\/p>\n<p>[\/vc_column_text]<div class=\"clearboth\"><\/div><div class=\"gem-divider \" style=\"margin-top: 20px;\"><\/div>[\/vc_column][\/vc_row][vc_row][vc_column]<div class=\"clearboth\"><\/div><div class=\"gem-divider \" style=\"margin-top: -40px;\"><\/div>[vc_column_text css_animation=&#8221;top-to-bottom&#8221;]<\/p>\n<div class=\"title-h1 title-h5\" style=\"text-align: center;\"><span class=\"light\">\u00bfTen\u00edas alguna pregunta?<\/span><\/div>\n<p>[\/vc_column_text]<div class=\"gem-button-container gem-button-position-center\"><a class=\"gem-button gem-button-size-medium gem-button-style-outline gem-button-text-weight-normal gem-button-border-2\" style=\"border-radius: 3px;border-color: #2f2c7e;color: #2f2c7e;\" onmouseleave=\"this.style.borderColor='#2f2c7e';this.style.backgroundColor='transparent';this.style.color='#2f2c7e';\" onmouseenter=\"this.style.borderColor='#2f2c7e';this.style.backgroundColor='#2f2c7e';this.style.color='#ffffff';\" href=\"https:\/\/www.grandelojadoparana.org.br\/espanol\/es-contato\/\" target=\"_self\">\u00a1Cont\u00e1ctenos!<\/a><\/div> <div class=\"clearboth\"><\/div><div class=\"gem-divider \" style=\"margin-top: 40px;\"><\/div>[\/vc_column][\/vc_row]<\/p>\n","protected":false},"excerpt":{"rendered":"<p>[vc_row][vc_column][vc_column_text css_animation=&#8221;bottom-to-top&#8221;] CONOCE NUESTRA\u00a0 [\/vc_column_text][vc_column_text css_animation=&#8221;bottom-to-top&#8221;] ACCI\u00d3N SOCIAL 1 [\/vc_column_text][\/vc_column][\/vc_row][vc_row css=&#8221;.vc_custom_1608210755218{margin-top: 140px !important;margin-bottom: 80px !important;background-position: 0 0 !important;background-repeat: no-repeat !important;}&#8221;&#8230;<\/p>\n","protected":false},"author":1,"featured_media":0,"parent":0,"menu_order":0,"comment_status":"closed","ping_status":"closed","template":"","meta":{"footnotes":""},"class_list":["post-27096","page","type-page","status-publish"],"_links":{"self":[{"href":"https:\/\/www.grandelojadoparana.org.br\/espanol\/wp-json\/wp\/v2\/pages\/27096","targetHints":{"allow":["GET"]}}],"collection":[{"href":"https:\/\/www.grandelojadoparana.org.br\/espanol\/wp-json\/wp\/v2\/pages"}],"about":[{"href":"https:\/\/www.grandelojadoparana.org.br\/espanol\/wp-json\/wp\/v2\/types\/page"}],"author":[{"embeddable":true,"href":"https:\/\/www.grandelojadoparana.org.br\/espanol\/wp-json\/wp\/v2\/users\/1"}],"replies":[{"embeddable":true,"href":"https:\/\/www.grandelojadoparana.org.br\/espanol\/wp-json\/wp\/v2\/comments?post=27096"}],"version-history":[{"count":8,"href":"https:\/\/www.grandelojadoparana.org.br\/espanol\/wp-json\/wp\/v2\/pages\/27096\/revisions"}],"predecessor-version":[{"id":27341,"href":"https:\/\/www.grandelojadoparana.org.br\/espanol\/wp-json\/wp\/v2\/pages\/27096\/revisions\/27341"}],"wp:attachment":[{"href":"https:\/\/www.grandelojadoparana.org.br\/espanol\/wp-json\/wp\/v2\/media?parent=27096"}],"curies":[{"name":"wp","href":"https:\/\/api.w.org\/{rel}","templated":true}]}}